{"id":1796,"date":"2017-12-11T18:09:14","date_gmt":"2017-12-11T17:09:14","guid":{"rendered":"https:\/\/s-h-d.eu\/?page_id=1796"},"modified":"2021-04-13T08:17:00","modified_gmt":"2021-04-13T06:17:00","slug":"about-2","status":"publish","type":"page","link":"https:\/\/s-h-d.eu\/?page_id=1796","title":{"rendered":"SHD &#8211; Philosophie"},"content":{"rendered":"<p>[vc_row type=&#8220;vc_default&#8220; css=&#8220;.vc_custom_1476008791393{padding-top: 70px !important;padding-bottom: 25px !important;}&#8220;][vc_column offset=&#8220;vc_col-lg-6 vc_col-md-6 vc_col-xs-12&#8243; css=&#8220;.vc_custom_1476005293248{padding-bottom: 50px !important;}&#8220;]<div id=\"ultimate-heading-278069f7408dd055a\" class=\"uvc-heading ult-adjust-bottom-margin ultimate-heading-278069f7408dd055a uvc-5556 \" data-hspacer=\"no_spacer\"  data-halign=\"left\" style=\"text-align:left\"><div class=\"uvc-heading-spacer no_spacer\" style=\"top\"><\/div><div class=\"uvc-main-heading ult-responsive\"  data-ultimate-target='.uvc-heading.ultimate-heading-278069f7408dd055a h2'  data-responsive-json-new='{\"font-size\":\"desktop:26px;\",\"line-height\":\"desktop:32px;\"}' ><h2 style=\"font-weight:bold;margin-bottom:20px;\">Unsere Philosophie<\/h2><\/div><\/div>[vc_column_text]SHD Deutsche Handelsgesellschaft \u2013 der Name steht f\u00fcr innovative Produkte und herausragende Dienstleistungen. Dabei ist die SHD Deutsche Handelsgesellschaft weit mehr als nur ein Handelsunternehmen. Hinter dem langj\u00e4hrigen Erfolg unseres Unternehmens, welches aus einem seit vielen Jahren etablierten Einzelunternehmen entstanden ist, steht eine ganz besondere Firmenphilosophie und gemeinsame Werte, die das t\u00e4gliche Handeln bestimmen.<\/p>\n<p>Interdisziplin\u00e4res sowie vision\u00e4res Denken sind unser t\u00e4glicher Antrieb zur Erreichung unserer hochgesteckten Ziele. All dies folgt dem \u00fcbergeordneten Ziel der nachhaltigen Entwicklung des Unternehmens. Unsere Mitarbeiterinnen und Mitarbeiter gl\u00e4nzen durch Einbringung ihrer Ideen und Kreativit\u00e4t, unternehmerisches Denken fordern und f\u00f6rdern wir. Dies ist fest in der Unternehmenskultur verankert. Den anstehenden Herausforderungen sehen wir stets optimistisch entgegen und sehen in jeder Ver\u00e4nderung eine Chance. Verantwortungsbewusstsein und gegenseitiger Respekt sind gelebte Leitlinien, sowohl unseren Kunden gegen\u00fcber als auch untereinander.<\/p>\n<p>\u201eEs ist jederzeit mehr wert, die Achtung der Menschen zu haben, als gelegentlich ihre Bewunderung\u201c \u2013 ganz im Sinne dieses Ausspruchs von Jean-Jaques Rousseau steht bei der SHD Deutsche Handelsgesellschaft stets der Mensch im Mittelpunkt.<\/p>\n<p>Wissbegierig und dynamisch sein, das Unm\u00f6gliche m\u00f6glich machen, das ist bei der SHD Deutsche Handelsgesellschaft gelebte Unternehmenskultur. Essentiell ist hierbei die Bereitschaft aller Mitarbeiterinnen und Mitarbeiter, sich optimistisch und mit vollem Einsatz f\u00fcr das Unternehmen zu engagieren, das Verst\u00e4ndnis neue Herausforderungen stehts als Chance zu sehen, diese dynamisch anzugehen und die gesteckten Ziele pragmatisch zu realisieren. Unsere Mitarbeiterinnen und Mitarbeiter sind durchweg Leistungstr\u00e4ger. Dies honorieren wir \u00fcberdurchschnittlich und bieten vielf\u00e4ltige M\u00f6glichkeiten der beruflichen Weiterentwicklung an. Das Streben nach Perfektion in jedem Bereich unseres Handelns steht hierbei immer im Fokus.[\/vc_column_text][\/vc_column][\/vc_row][vc_row bg_type=&#8220;bg_color&#8220; bg_override=&#8220;ex-full&#8220; type=&#8220;vc_default&#8220; css=&#8220;.vc_custom_1496399827329{padding-top: 70px !important;padding-bottom: 70px !important;}&#8220; bg_color_value=&#8220;rgba(170,170,170,0.1)&#8220;][vc_column]<div id=\"ultimate-heading-624569f7408dd05b4\" class=\"uvc-heading ult-adjust-bottom-margin ultimate-heading-624569f7408dd05b4 uvc-1111 \" data-hspacer=\"no_spacer\"  data-halign=\"left\" style=\"text-align:left\"><div class=\"uvc-heading-spacer no_spacer\" style=\"top\"><\/div><div class=\"uvc-main-heading ult-responsive\"  data-ultimate-target='.uvc-heading.ultimate-heading-624569f7408dd05b4 h2'  data-responsive-json-new='{\"font-size\":\"desktop:26px;\",\"line-height\":\"desktop:32px;\"}' ><h2 style=\"font-weight:bold;margin-bottom:25px;\">Unsere Partner<\/h2><\/div><\/div><style type=\"text\/css\" data-type=\"the7_shortcodes-inline-css\">.carousel-shortcode.carousel-shortcode-id-f84ac6b9c5334b935719cd43b78cd152 .owl-nav a {\n  width: 22px;\n  height: 80px;\n  border-radius: 0px;\n}\n.dt-arrow-border-on.carousel-shortcode.carousel-shortcode-id-f84ac6b9c5334b935719cd43b78cd152 .owl-nav a:not(:hover):before {\n  border-width: 0px;\n}\n.dt-arrow-hover-border-on.carousel-shortcode.carousel-shortcode-id-f84ac6b9c5334b935719cd43b78cd152 .owl-nav a:hover:after {\n  border-width: 0px;\n}\n.arrows-hover-bg-on.carousel-shortcode.carousel-shortcode-id-f84ac6b9c5334b935719cd43b78cd152 .owl-nav a:after {\n  background: #f4a215;\n}\n.carousel-shortcode.carousel-shortcode-id-f84ac6b9c5334b935719cd43b78cd152 .owl-nav a.owl-prev {\n  top: 50%;\n  transform: translateY(calc(-50% + 0px));\n  left: 0px;\n}\n@media all and (-ms-high-contrast: none) {\n  .carousel-shortcode.carousel-shortcode-id-f84ac6b9c5334b935719cd43b78cd152 .owl-nav a.owl-prev {\n    transform: translateY(-50%);\n    margin-top: 0px;\n  }\n}\n.carousel-shortcode.carousel-shortcode-id-f84ac6b9c5334b935719cd43b78cd152 .owl-nav a.owl-prev i {\n  padding: 0px 0px 0px 0px;\n}\n.carousel-shortcode.carousel-shortcode-id-f84ac6b9c5334b935719cd43b78cd152 .owl-nav a.owl-next {\n  top: 50%;\n  transform: translateY(calc(-50% + 0px));\n  right: 0px;\n}\n@media all and (-ms-high-contrast: none) {\n  .carousel-shortcode.carousel-shortcode-id-f84ac6b9c5334b935719cd43b78cd152 .owl-nav a.owl-next {\n    transform: translateY(-50%);\n    margin-top: 0px;\n  }\n}\n.carousel-shortcode.carousel-shortcode-id-f84ac6b9c5334b935719cd43b78cd152 .owl-nav a.owl-next i {\n  padding: 0px 0px 0px 0px;\n}\n.carousel-shortcode.carousel-shortcode-id-f84ac6b9c5334b935719cd43b78cd152 .owl-nav i {\n  font-size: 18px;\n}\n.carousel-shortcode.carousel-shortcode-id-f84ac6b9c5334b935719cd43b78cd152 .owl-nav a:not(:hover) i,\n.carousel-shortcode.carousel-shortcode-id-f84ac6b9c5334b935719cd43b78cd152 .owl-nav a:not(:hover) i:before {\n  color: #ffffff;\n  background: none;\n}\n.carousel-shortcode.carousel-shortcode-id-f84ac6b9c5334b935719cd43b78cd152 .owl-nav a:hover i,\n.carousel-shortcode.carousel-shortcode-id-f84ac6b9c5334b935719cd43b78cd152 .owl-nav a:hover i:before {\n  color: #ffffff;\n  background: none;\n}\n.carousel-shortcode.carousel-shortcode-id-f84ac6b9c5334b935719cd43b78cd152 .owl-dots {\n  top: calc(100% + 20px);\n  left: 50%;\n  transform: translateX(calc(-50% + 0px));\n}\n@media all and (-ms-high-contrast: none) {\n  .carousel-shortcode.carousel-shortcode-id-f84ac6b9c5334b935719cd43b78cd152 .owl-dots {\n    transform: translateX(-50%);\n    margin-left: 0px;\n  }\n}\n.carousel-shortcode.carousel-shortcode-id-f84ac6b9c5334b935719cd43b78cd152 .owl-dot {\n  width: 10px;\n  height: 10px;\n  margin: 0 8px;\n}\n@media screen and (max-width: 778px) {\n  .carousel-shortcode.carousel-shortcode-id-f84ac6b9c5334b935719cd43b78cd152.hide-arrows .owl-nav a {\n    display: none;\n  }\n}\n@media screen and (max-width: 778px) {\n  .carousel-shortcode.carousel-shortcode-id-f84ac6b9c5334b935719cd43b78cd152.reposition-arrows .owl-nav .owl-prev {\n    top: 50%;\n    transform: translateY(calc(-50% + 0px));\n    left: 10px;\n  }\n  .carousel-shortcode.carousel-shortcode-id-f84ac6b9c5334b935719cd43b78cd152.reposition-arrows .owl-nav .owl-next {\n    top: 50%;\n    transform: translateY(calc(-50% + 0px));\n    right: 10px;\n  }\n}\n@media screen and (max-width: 778px) and all and (-ms-high-contrast: none) {\n  .carousel-shortcode.carousel-shortcode-id-f84ac6b9c5334b935719cd43b78cd152.reposition-arrows .owl-nav .owl-prev {\n    transform: translateY(-50%);\n    margin-top: 0px;\n  }\n}\n@media screen and (max-width: 778px) and all and (-ms-high-contrast: none) {\n  .carousel-shortcode.carousel-shortcode-id-f84ac6b9c5334b935719cd43b78cd152.reposition-arrows .owl-nav .owl-next {\n    transform: translateY(-50%);\n    margin-top: 0px;\n  }\n}\n<\/style><div class=\"owl-carousel carousel-shortcode dt-owl-carousel-call carousel-shortcode-id-f84ac6b9c5334b935719cd43b78cd152 bullets-small-dot-stroke arrows-bg-on dt-arrow-border-on dt-arrow-hover-border-on arrows-hover-bg-on  vc_custom_1498756520817 \" data-scroll-mode=\"1\" data-col-num=\"6\" data-wide-col-num=\"4\" data-laptop-col=\"4\" data-h-tablet-columns-num=\"3\" data-v-tablet-columns-num=\"2\" data-phone-columns-num=\"1\" data-auto-height=\"true\" data-col-gap=\"30\" data-stage-padding=\"0\" data-speed=\"600\" data-autoplay=\"false\" data-autoplay_speed=\"6000\" data-arrows=\"true\" data-bullet=\"false\" data-next-icon=\"icon-ar-017-r\" data-prev-icon=\"icon-ar-017-l\">[vc_single_image image=&#8220;1854&#8243; img_size=&#8220;400&#215;300&#8243; alignment=&#8220;center&#8220; onclick=&#8220;custom_link&#8220; img_link_target=&#8220;_blank&#8220; image_hovers=&#8220;false&#8220; lazy_loading=&#8220;true&#8220; link=&#8220;https:\/\/www.inofix.com\/en\/&#8220;][vc_single_image image=&#8220;1911&#8243; img_size=&#8220;400&#215;300&#8243; alignment=&#8220;center&#8220; onclick=&#8220;custom_link&#8220; img_link_target=&#8220;_blank&#8220; image_hovers=&#8220;false&#8220; lazy_loading=&#8220;true&#8220;]<\/div>[\/vc_column][\/vc_row]<\/p>\n","protected":false},"excerpt":{"rendered":"<p>[vc_row type=&#8220;vc_default&#8220; css=&#8220;.vc_custom_1476008791393{padding-top: 70px !important;padding-bottom: 25px !important;}&#8220;][vc_column offset=&#8220;vc_col-lg-6 vc_col-md-6 vc_col-xs-12&#8243; css=&#8220;.vc_custom_1476005293248{padding-bottom: 50px !important;}&#8220;][vc_column_text]SHD Deutsche Handelsgesellschaft \u2013 der Name steht f\u00fcr innovative Produkte und herausragende Dienstleistungen. Dabei ist die SHD Deutsche Handelsgesellschaft weit mehr als nur ein Handelsunternehmen. Hinter dem langj\u00e4hrigen Erfolg unseres Unternehmens, welches aus einem seit vielen Jahren etablierten Einzelunternehmen entstanden ist, steht eine&hellip;<\/p>\n","protected":false},"author":2,"featured_media":0,"parent":5,"menu_order":3,"comment_status":"closed","ping_status":"closed","template":"","meta":[],"_links":{"self":[{"href":"https:\/\/s-h-d.eu\/index.php?rest_route=\/wp\/v2\/pages\/1796"}],"collection":[{"href":"https:\/\/s-h-d.eu\/index.php?rest_route=\/wp\/v2\/pages"}],"about":[{"href":"https:\/\/s-h-d.eu\/index.php?rest_route=\/wp\/v2\/types\/page"}],"author":[{"embeddable":true,"href":"https:\/\/s-h-d.eu\/index.php?rest_route=\/wp\/v2\/users\/2"}],"replies":[{"embeddable":true,"href":"https:\/\/s-h-d.eu\/index.php?rest_route=%2Fwp%2Fv2%2Fcomments&post=1796"}],"version-history":[{"count":16,"href":"https:\/\/s-h-d.eu\/index.php?rest_route=\/wp\/v2\/pages\/1796\/revisions"}],"predecessor-version":[{"id":1914,"href":"https:\/\/s-h-d.eu\/index.php?rest_route=\/wp\/v2\/pages\/1796\/revisions\/1914"}],"up":[{"embeddable":true,"href":"https:\/\/s-h-d.eu\/index.php?rest_route=\/wp\/v2\/pages\/5"}],"wp:attachment":[{"href":"https:\/\/s-h-d.eu\/index.php?rest_route=%2Fwp%2Fv2%2Fmedia&parent=1796"}],"curies":[{"name":"wp","href":"https:\/\/api.w.org\/{rel}","templated":true}]}}