{"id":7,"date":"2016-01-29T10:13:23","date_gmt":"2016-01-29T10:13:23","guid":{"rendered":"http:\/\/the7.io\/beauty-studio\/?page_id=7"},"modified":"2018-02-20T13:54:39","modified_gmt":"2018-02-20T12:54:39","slug":"services","status":"publish","type":"page","link":"https:\/\/s-h-d.eu\/?page_id=7","title":{"rendered":"Unser Leistungsspektrum"},"content":{"rendered":"<p>[vc_row type=&#8220;vc_default&#8220; margin_top=&#8220;60&#8243; margin_bottom=&#8220;-40&#8243; css=&#8220;.vc_custom_1496301218483{padding-top: 70px !important;padding-bottom: 70px !important;}&#8220;][vc_column css=&#8220;.vc_custom_1490364540235{padding-bottom: 80px !important;}&#8220;][\/vc_column][vc_column]<style type=\"text\/css\" data-type=\"the7_shortcodes-inline-css\">.carousel-shortcode.carousel-shortcode-id-bd5221d9e2f365f89050910f099f614f .owl-nav a {\n  width: 22px;\n  height: 80px;\n  border-radius: 0px;\n}\n.dt-arrow-border-on.carousel-shortcode.carousel-shortcode-id-bd5221d9e2f365f89050910f099f614f .owl-nav a:not(:hover):before {\n  border-width: 0px;\n}\n.dt-arrow-hover-border-on.carousel-shortcode.carousel-shortcode-id-bd5221d9e2f365f89050910f099f614f .owl-nav a:hover:after {\n  border-width: 0px;\n}\n.arrows-hover-bg-on.carousel-shortcode.carousel-shortcode-id-bd5221d9e2f365f89050910f099f614f .owl-nav a:after {\n  background: #f4a215;\n}\n.carousel-shortcode.carousel-shortcode-id-bd5221d9e2f365f89050910f099f614f .owl-nav a.owl-prev {\n  top: 50%;\n  transform: translateY(calc(-50% + 0px));\n  left: 0px;\n}\n@media all and (-ms-high-contrast: none) {\n  .carousel-shortcode.carousel-shortcode-id-bd5221d9e2f365f89050910f099f614f .owl-nav a.owl-prev {\n    transform: translateY(-50%);\n    margin-top: 0px;\n  }\n}\n.carousel-shortcode.carousel-shortcode-id-bd5221d9e2f365f89050910f099f614f .owl-nav a.owl-prev i {\n  padding: 0px 0px 0px 0px;\n}\n.carousel-shortcode.carousel-shortcode-id-bd5221d9e2f365f89050910f099f614f .owl-nav a.owl-next {\n  top: 50%;\n  transform: translateY(calc(-50% + 0px));\n  right: 0px;\n}\n@media all and (-ms-high-contrast: none) {\n  .carousel-shortcode.carousel-shortcode-id-bd5221d9e2f365f89050910f099f614f .owl-nav a.owl-next {\n    transform: translateY(-50%);\n    margin-top: 0px;\n  }\n}\n.carousel-shortcode.carousel-shortcode-id-bd5221d9e2f365f89050910f099f614f .owl-nav a.owl-next i {\n  padding: 0px 0px 0px 0px;\n}\n.carousel-shortcode.carousel-shortcode-id-bd5221d9e2f365f89050910f099f614f .owl-nav i {\n  font-size: 18px;\n}\n.carousel-shortcode.carousel-shortcode-id-bd5221d9e2f365f89050910f099f614f .owl-nav a:not(:hover) i,\n.carousel-shortcode.carousel-shortcode-id-bd5221d9e2f365f89050910f099f614f .owl-nav a:not(:hover) i:before {\n  color: #ffffff;\n  background: none;\n}\n.carousel-shortcode.carousel-shortcode-id-bd5221d9e2f365f89050910f099f614f .owl-nav a:hover i,\n.carousel-shortcode.carousel-shortcode-id-bd5221d9e2f365f89050910f099f614f .owl-nav a:hover i:before {\n  color: #ffffff;\n  background: none;\n}\n.carousel-shortcode.carousel-shortcode-id-bd5221d9e2f365f89050910f099f614f .owl-dots {\n  top: calc(100% + 20px);\n  left: 50%;\n  transform: translateX(calc(-50% + 0px));\n}\n@media all and (-ms-high-contrast: none) {\n  .carousel-shortcode.carousel-shortcode-id-bd5221d9e2f365f89050910f099f614f .owl-dots {\n    transform: translateX(-50%);\n    margin-left: 0px;\n  }\n}\n.carousel-shortcode.carousel-shortcode-id-bd5221d9e2f365f89050910f099f614f .owl-dot {\n  width: 10px;\n  height: 10px;\n  margin: 0 8px;\n}\n@media screen and (max-width: 778px) {\n  .carousel-shortcode.carousel-shortcode-id-bd5221d9e2f365f89050910f099f614f.hide-arrows .owl-nav a {\n    display: none;\n  }\n}\n@media screen and (max-width: 778px) {\n  .carousel-shortcode.carousel-shortcode-id-bd5221d9e2f365f89050910f099f614f.reposition-arrows .owl-nav .owl-prev {\n    top: 50%;\n    transform: translateY(calc(-50% + 0px));\n    left: 10px;\n  }\n  .carousel-shortcode.carousel-shortcode-id-bd5221d9e2f365f89050910f099f614f.reposition-arrows .owl-nav .owl-next {\n    top: 50%;\n    transform: translateY(calc(-50% + 0px));\n    right: 10px;\n  }\n}\n@media screen and (max-width: 778px) and all and (-ms-high-contrast: none) {\n  .carousel-shortcode.carousel-shortcode-id-bd5221d9e2f365f89050910f099f614f.reposition-arrows .owl-nav .owl-prev {\n    transform: translateY(-50%);\n    margin-top: 0px;\n  }\n}\n@media screen and (max-width: 778px) and all and (-ms-high-contrast: none) {\n  .carousel-shortcode.carousel-shortcode-id-bd5221d9e2f365f89050910f099f614f.reposition-arrows .owl-nav .owl-next {\n    transform: translateY(-50%);\n    margin-top: 0px;\n  }\n}\n<\/style><div class=\"owl-carousel carousel-shortcode dt-owl-carousel-call carousel-shortcode-id-bd5221d9e2f365f89050910f099f614f bullets-small-dot-stroke arrows-bg-on dt-arrow-border-on dt-arrow-hover-border-on arrows-hover-bg-on  vc_custom_1513027671483 \" data-scroll-mode=\"1\" data-col-num=\"3\" data-wide-col-num=\"4\" data-laptop-col=\"3\" data-h-tablet-columns-num=\"3\" data-v-tablet-columns-num=\"2\" data-phone-columns-num=\"1\" data-auto-height=\"false\" data-col-gap=\"30\" data-stage-padding=\"0\" data-speed=\"600\" data-autoplay=\"false\" data-autoplay_speed=\"6000\" data-arrows=\"true\" data-bullet=\"false\" data-next-icon=\"icon-ar-017-r\" data-prev-icon=\"icon-ar-017-l\">[vc_row_inner][vc_column_inner]<style type=\"text\/css\" data-type=\"the7_shortcodes-inline-css\">.shortcode-single-image-wrap.shortcode-single-image-29875f31ebb597af742b26426e06f578.enable-bg-rollover .rollover i,\n.shortcode-single-image-wrap.shortcode-single-image-29875f31ebb597af742b26426e06f578.enable-bg-rollover .rollover-video i {\n  background: -webkit-linear-gradient();\n  background: linear-gradient();\n}\n.shortcode-single-image-wrap.shortcode-single-image-29875f31ebb597af742b26426e06f578 .rollover-icon {\n  font-size: 32px;\n  color: #ffffff;\n  min-width: 44px;\n  min-height: 44px;\n  line-height: 44px;\n  border-radius: 100px;\n  border-style: solid;\n  border-width: 0px;\n}\n.dt-icon-bg-on.shortcode-single-image-wrap.shortcode-single-image-29875f31ebb597af742b26426e06f578 .rollover-icon {\n  background: rgba(255,255,255,0.3);\n  box-shadow: none;\n}\n<\/style><div class=\"shortcode-single-image-wrap shortcode-single-image-29875f31ebb597af742b26426e06f578 alignnone  vc_custom_1517833979667 enable-bg-rollover dt-icon-bg-off\" ><div class=\"shortcode-single-image\"><div class=\"fancy-media-wrap\" style=\"border-radius:500px;\"><a href=\"https:\/\/s-h-d.eu\/?page_id=408\" class=\" layzr-bg rollover\" style=\"border-radius:500px;\" aria-label=\"Image\"><img class=\"preload-me lazy-load\" src=\"data:image\/svg+xml,%3Csvg%20xmlns%3D&#39;http%3A%2F%2Fwww.w3.org%2F2000%2Fsvg&#39;%20viewBox%3D&#39;0%200%20220%20220&#39;%2F%3E\" data-src=\"https:\/\/s-h-d.eu\/wp-content\/uploads\/2018\/02\/Warenhandel-220x220.jpg\" data-srcset=\"https:\/\/s-h-d.eu\/wp-content\/uploads\/2018\/02\/Warenhandel-220x220.jpg 220w, https:\/\/s-h-d.eu\/wp-content\/uploads\/2018\/02\/Warenhandel-440x440.jpg 440w\" width=\"220\" height=\"220\"  data-dt-location=\"https:\/\/s-h-d.eu\/?attachment_id=1837\" alt=\"\" \/><\/a><\/div><\/div><\/div><span id=\"creative-link-wrap-5616\" class=\"ult_main_cl ult-adjust-bottom-margin  \" >\n\t \t\t\t<span class=\"  ult_crlink\" >\n\t\t\t\t\t<a  data-ultimate-target='#creative-link-wrap-5616 .ult_colorlink'  data-responsive-json-new='{\"font-size\":\"desktop:26px;\",\"line-height\":\"desktop:32px;\"}'  href=\"https:\/\/s-h-d.eu\/?page_id=408\"  class=\"ult_colorlink ult-responsive  vc_custom_1513027929879\" style=\"font-family:Open Sans Condensed;font-weight:700; \"  data-textcolor=\"#213962\" data-texthover=\"#e30614\"data-style=\"\">\n\t\t\t\t\t\t\n\t\t\t\t\t\t<span data-hover=\"Warenhandel\" style=\"color:#213962;;;\" class=\"ult_btn10_span   \">Warenhandel<\/span>\n\t\t\t\t\t\t\n\t\t\t\t\t<\/a>\n\t\t\t\t<\/span>\n\t\t\t<\/span>[vc_column_text css=&#8220;.vc_custom_1519120798070{margin-top: -40px !important;}&#8220;]<\/p>\n<p>Gemeinsam mit unseren Produktionspartnern aus Europa und Asien stellen wir Ihnen ansprechende Produkte f\u00fcr die Bereiche &#8222;Wohnen, Haushalt &amp; Dekoration&#8220; zur Verf\u00fcgung.<\/p>\n<p>[\/vc_column_text][\/vc_column_inner][\/vc_row_inner][vc_row_inner][vc_column_inner]<style type=\"text\/css\" data-type=\"the7_shortcodes-inline-css\">.shortcode-single-image-wrap.shortcode-single-image-23c15102a929a99a0a1a74ed75e3240d.enable-bg-rollover .rollover i,\n.shortcode-single-image-wrap.shortcode-single-image-23c15102a929a99a0a1a74ed75e3240d.enable-bg-rollover .rollover-video i {\n  background: -webkit-linear-gradient();\n  background: linear-gradient();\n}\n.shortcode-single-image-wrap.shortcode-single-image-23c15102a929a99a0a1a74ed75e3240d .rollover-icon {\n  font-size: 32px;\n  color: #ffffff;\n  min-width: 44px;\n  min-height: 44px;\n  line-height: 44px;\n  border-radius: 100px;\n  border-style: solid;\n  border-width: 0px;\n}\n.dt-icon-bg-on.shortcode-single-image-wrap.shortcode-single-image-23c15102a929a99a0a1a74ed75e3240d .rollover-icon {\n  background: rgba(255,255,255,0.3);\n  box-shadow: none;\n}\n<\/style><div class=\"shortcode-single-image-wrap shortcode-single-image-23c15102a929a99a0a1a74ed75e3240d alignnone  vc_custom_1517834139500 enable-bg-rollover dt-icon-bg-off\" ><div class=\"shortcode-single-image\"><div class=\"fancy-media-wrap\" style=\"border-radius:500px;\"><a href=\"https:\/\/s-h-d.eu\/?page_id=1754\" class=\" layzr-bg rollover\" style=\"border-radius:500px;\" aria-label=\"Image\"><img class=\"preload-me lazy-load\" src=\"data:image\/svg+xml,%3Csvg%20xmlns%3D&#39;http%3A%2F%2Fwww.w3.org%2F2000%2Fsvg&#39;%20viewBox%3D&#39;0%200%20220%20220&#39;%2F%3E\" data-src=\"https:\/\/s-h-d.eu\/wp-content\/uploads\/2018\/02\/Prasentation-220x220.jpg\" data-srcset=\"https:\/\/s-h-d.eu\/wp-content\/uploads\/2018\/02\/Prasentation-220x220.jpg 220w, https:\/\/s-h-d.eu\/wp-content\/uploads\/2018\/02\/Prasentation-440x440.jpg 440w\" width=\"220\" height=\"220\"  data-dt-location=\"https:\/\/s-h-d.eu\/?attachment_id=1836\" alt=\"\" \/><\/a><\/div><\/div><\/div><span id=\"creative-link-wrap-8419\" class=\"ult_main_cl ult-adjust-bottom-margin  \" >\n\t \t\t\t<span class=\"  ult_crlink\" >\n\t\t\t\t\t<a  data-ultimate-target='#creative-link-wrap-8419 .ult_colorlink'  data-responsive-json-new='{\"font-size\":\"desktop:26px;\",\"line-height\":\"desktop:32px;\"}'  href=\"https:\/\/s-h-d.eu\/?page_id=1754\"  class=\"ult_colorlink ult-responsive  vc_custom_1513027969666\" style=\"font-family:Open Sans Condensed;font-weight:700; \"  data-textcolor=\"#1f365c\" data-texthover=\"#e30614\"data-style=\"\">\n\t\t\t\t\t\t\n\t\t\t\t\t\t<span data-hover=\"Produktpr\u00e4sentation\" style=\"color:#1f365c;;;\" class=\"ult_btn10_span   \">Produktpr\u00e4sentation<\/span>\n\t\t\t\t\t\t\n\t\t\t\t\t<\/a>\n\t\t\t\t<\/span>\n\t\t\t<\/span>[vc_column_text css=&#8220;.vc_custom_1519121108258{margin-top: -40px !important;}&#8220;]<\/p>\n<p>Durch unser Vertriebsnetz k\u00f6nnen wir Ihnen individuelle L\u00f6sungen zur Optimierung des Verkaufsraums und Maximierung Ihrer Ums\u00e4tze anbieten.<\/p>\n<p>[\/vc_column_text][\/vc_column_inner][\/vc_row_inner][vc_row_inner][vc_column_inner]<style type=\"text\/css\" data-type=\"the7_shortcodes-inline-css\">.shortcode-single-image-wrap.shortcode-single-image-acdef7d5b4c18b18331b8f3c99096799.enable-bg-rollover .rollover i,\n.shortcode-single-image-wrap.shortcode-single-image-acdef7d5b4c18b18331b8f3c99096799.enable-bg-rollover .rollover-video i {\n  background: -webkit-linear-gradient();\n  background: linear-gradient();\n}\n.shortcode-single-image-wrap.shortcode-single-image-acdef7d5b4c18b18331b8f3c99096799 .rollover-icon {\n  font-size: 32px;\n  color: #ffffff;\n  min-width: 44px;\n  min-height: 44px;\n  line-height: 44px;\n  border-radius: 100px;\n  border-style: solid;\n  border-width: 0px;\n}\n.dt-icon-bg-on.shortcode-single-image-wrap.shortcode-single-image-acdef7d5b4c18b18331b8f3c99096799 .rollover-icon {\n  background: rgba(255,255,255,0.3);\n  box-shadow: none;\n}\n<\/style><div class=\"shortcode-single-image-wrap shortcode-single-image-acdef7d5b4c18b18331b8f3c99096799 alignnone  vc_custom_1517834161400 enable-bg-rollover dt-icon-bg-off\" ><div class=\"shortcode-single-image\"><div class=\"fancy-media-wrap\" style=\"border-radius:500px;\"><a href=\"https:\/\/s-h-d.eu\/?page_id=1756\" class=\" layzr-bg rollover\" style=\"border-radius:500px;\" aria-label=\"Image\"><img class=\"preload-me lazy-load\" src=\"data:image\/svg+xml,%3Csvg%20xmlns%3D&#39;http%3A%2F%2Fwww.w3.org%2F2000%2Fsvg&#39;%20viewBox%3D&#39;0%200%20220%20220&#39;%2F%3E\" data-src=\"https:\/\/s-h-d.eu\/wp-content\/uploads\/2018\/02\/ImExport-220x220.jpg\" data-srcset=\"https:\/\/s-h-d.eu\/wp-content\/uploads\/2018\/02\/ImExport-220x220.jpg 220w, https:\/\/s-h-d.eu\/wp-content\/uploads\/2018\/02\/ImExport-440x440.jpg 440w\" width=\"220\" height=\"220\"  data-dt-location=\"https:\/\/s-h-d.eu\/?attachment_id=1835\" alt=\"\" \/><\/a><\/div><\/div><\/div><span id=\"creative-link-wrap-3537\" class=\"ult_main_cl ult-adjust-bottom-margin  \" >\n\t \t\t\t<span class=\"  ult_crlink\" >\n\t\t\t\t\t<a  data-ultimate-target='#creative-link-wrap-3537 .ult_colorlink'  data-responsive-json-new='{\"font-size\":\"desktop:26px;\",\"line-height\":\"desktop:32px;\"}'  href=\"https:\/\/s-h-d.eu\/?page_id=1756\"  class=\"ult_colorlink ult-responsive  vc_custom_1513027997511\" style=\"font-family:Open Sans Condensed;font-weight:700; \"  data-textcolor=\"#1f365c\" data-texthover=\"#e30614\"data-style=\"\">\n\t\t\t\t\t\t\n\t\t\t\t\t\t<span data-hover=\"Im- &amp; Export\" style=\"color:#1f365c;;;\" class=\"ult_btn10_span   \">Im- &amp; Export<\/span>\n\t\t\t\t\t\t\n\t\t\t\t\t<\/a>\n\t\t\t\t<\/span>\n\t\t\t<\/span>[vc_column_text css=&#8220;.vc_custom_1519121136312{margin-top: -40px !important;}&#8220;]<\/p>\n<p>Die SHD &#8211; Deutsche Handelsgesellschaft versteht sich als Partner zwischen Einzelhandel und Hersteller. Die SHD im- und exportiert weltweit G\u00fcter der Konsumindustrie.<\/p>\n<p>[\/vc_column_text][\/vc_column_inner][\/vc_row_inner]<\/div>[\/vc_column][\/vc_row]<\/p>\n","protected":false},"excerpt":{"rendered":"<p>[vc_row type=&#8220;vc_default&#8220; margin_top=&#8220;60&#8243; margin_bottom=&#8220;-40&#8243; css=&#8220;.vc_custom_1496301218483{padding-top: 70px !important;padding-bottom: 70px !important;}&#8220;][vc_column css=&#8220;.vc_custom_1490364540235{padding-bottom: 80px !important;}&#8220;][\/vc_column][vc_column][\/vc_column][\/vc_row]<\/p>\n","protected":false},"author":2,"featured_media":0,"parent":0,"menu_order":300,"comment_status":"closed","ping_status":"closed","template":"","meta":[],"_links":{"self":[{"href":"https:\/\/s-h-d.eu\/index.php?rest_route=\/wp\/v2\/pages\/7"}],"collection":[{"href":"https:\/\/s-h-d.eu\/index.php?rest_route=\/wp\/v2\/pages"}],"about":[{"href":"https:\/\/s-h-d.eu\/index.php?rest_route=\/wp\/v2\/types\/page"}],"author":[{"embeddable":true,"href":"https:\/\/s-h-d.eu\/index.php?rest_route=\/wp\/v2\/users\/2"}],"replies":[{"embeddable":true,"href":"https:\/\/s-h-d.eu\/index.php?rest_route=%2Fwp%2Fv2%2Fcomments&post=7"}],"version-history":[{"count":3,"href":"https:\/\/s-h-d.eu\/index.php?rest_route=\/wp\/v2\/pages\/7\/revisions"}],"predecessor-version":[{"id":1862,"href":"https:\/\/s-h-d.eu\/index.php?rest_route=\/wp\/v2\/pages\/7\/revisions\/1862"}],"wp:attachment":[{"href":"https:\/\/s-h-d.eu\/index.php?rest_route=%2Fwp%2Fv2%2Fmedia&parent=7"}],"curies":[{"name":"wp","href":"https:\/\/api.w.org\/{rel}","templated":true}]}}